{"id":3,"date":"2023-05-12T08:58:16","date_gmt":"2023-05-12T08:58:16","guid":{"rendered":"https:\/\/bru-share.be\/?page_id=3"},"modified":"2025-01-23T10:06:32","modified_gmt":"2025-01-23T10:06:32","slug":"privacybeleid","status":"publish","type":"page","link":"https:\/\/bru-share.be\/nl\/politique-de-confidentialite\/","title":{"rendered":"Privacybeleid"},"content":{"rendered":"<p>Laatst bijgewerkt op: 22 november 2024<\/p>\n\n\n\n<p><strong>1. Inleiding<\/strong><\/p>\n\n\n\n<p>Bru-Share (\"wij\", \"ons\" of \"onze\") zet zich in om de privacy van uw persoonsgegevens te beschermen in overeenstemming met de General Data Protection Regulation (GDPR). Dit privacybeleid beschrijft de soorten gegevens die we verzamelen, hoe we ze gebruiken en de stappen die we nemen om ze te beschermen.<\/p>\n\n\n\n<p><strong>2. Verzamelde gegevens<\/strong><\/p>\n\n\n\n<p>We verzamelen de volgende persoonlijke gegevens:<\/p>\n\n\n\n<ul class=\"wp-block-list\">\n<li><strong>Contactformulier :<\/strong>\u00a0Achternaam, voornaam, e-mailadres, telefoonnummer en bericht.<\/li>\n<\/ul>\n\n\n\n<p><strong>3. Gebruik van gegevens<\/strong><\/p>\n\n\n\n<p>De verzamelde gegevens worden gebruikt om :<\/p>\n\n\n\n<ul class=\"wp-block-list\">\n<li>Te reageren op uw verzoeken via het contactformulier.<\/li>\n\n\n\n<li>Onze online services en tools te verbeteren.<\/li>\n<\/ul>\n\n\n\n<p><strong>4. Delen van gegevens<\/strong><\/p>\n\n\n\n<p>Wij delen uw persoonlijke gegevens niet met derden, tenzij dit wettelijk verplicht is of met uw uitdrukkelijke toestemming.<\/p>\n\n\n\n<p><strong>5. Beveiliging van gegevens<\/strong><\/p>\n\n\n\n<p>We implementeren passende technische en organisatorische maatregelen om uw gegevens te beschermen tegen ongeoorloofde toegang, verlies of openbaarmaking.<\/p>\n\n\n\n<p><strong>6. Uw rechten<\/strong><\/p>\n\n\n\n<p>In overeenstemming met de GDPR heeft u de volgende rechten:<\/p>\n\n\n\n<ul class=\"wp-block-list\">\n<li>Toegang tot uw persoonlijke gegevens.<\/li>\n\n\n\n<li>Onnauwkeurige of onvolledige gegevens corrigeren.<\/li>\n\n\n\n<li>De verwijdering van uw gegevens aanvragen.<\/li>\n\n\n\n<li>De verwerking van uw gegevens beperken.<\/li>\n\n\n\n<li>Verzet aantekenen tegen de verwerking van uw gegevens.<\/li>\n\n\n\n<li>De overdraagbaarheid van uw gegevens aanvragen.<\/li>\n<\/ul>\n\n\n\n<p>Om deze rechten uit te oefenen, kunt u contact met ons opnemen op het volgende adres\u00a0<a>dpo@bru-share.be<\/a>.<\/p>\n\n\n\n<p><strong>7. Cookies<\/strong><\/p>\n\n\n\n<p>Onze site maakt gebruik van cookies om uw gebruikerservaring te verbeteren. U kunt uw cookievoorkeuren beheren via uw browserinstellingen.<\/p>\n\n\n\n<p><strong>8. Wijzigingen in het privacybeleid<\/strong><\/p>\n\n\n\n<p>We behouden ons het recht voor om dit privacybeleid te allen tijde aan te passen. Wijzigingen zullen op deze pagina worden gepubliceerd met de datum van de update.<\/p>\n\n\n\n<p><strong>9. Contact<\/strong><\/p>\n\n\n\n<p>Als u vragen hebt over dit privacybeleid, kunt u contact met ons opnemen via :<\/p>\n\n\n\n<p>Bru-Share<br>Adres: Handelskade 48 b3A - 1000 Brussel<br>Telefoon: 02\/210.53.07\u00a0<br>E-mail :\u00a0<a>info@bru-share.be<\/a><\/p>\n\n\n\n<p>Door gebruik te maken van onze diensten accepteert u de voorwaarden van dit privacybeleid.<\/p>","protected":false},"excerpt":{"rendered":"<p>Derni\u00e8re mise \u00e0 jour : 22 novembre 2024 1. Introduction Bru-Share (ci-apr\u00e8s \u00ab&nbsp;nous&nbsp;\u00bb ou \u00ab&nbsp;notre&nbsp;\u00bb) s\u2019engage \u00e0 prot\u00e9ger la confidentialit\u00e9 de vos donn\u00e9es personnelles conform\u00e9ment au R\u00e8glement G\u00e9n\u00e9ral sur la Protection des Donn\u00e9es (RGPD). Cette politique de confidentialit\u00e9 d\u00e9crit les types de donn\u00e9es que nous collectons, la mani\u00e8re dont nous les utilisons et les mesures [&hellip;]<\/p>\n","protected":false},"author":1,"featured_media":0,"parent":0,"menu_order":6,"comment_status":"closed","ping_status":"closed","template":"","meta":{"_acf_changed":false,"_seopress_robots_primary_cat":"","_seopress_titles_title":"","_seopress_titles_desc":"","_seopress_robots_index":"","footnotes":""},"class_list":["post-3","page","type-page","status-publish","hentry"],"acf":[],"_links":{"self":[{"href":"https:\/\/bru-share.be\/nl\/wp-json\/wp\/v2\/pages\/3","targetHints":{"allow":["GET"]}}],"collection":[{"href":"https:\/\/bru-share.be\/nl\/wp-json\/wp\/v2\/pages"}],"about":[{"href":"https:\/\/bru-share.be\/nl\/wp-json\/wp\/v2\/types\/page"}],"author":[{"embeddable":true,"href":"https:\/\/bru-share.be\/nl\/wp-json\/wp\/v2\/users\/1"}],"replies":[{"embeddable":true,"href":"https:\/\/bru-share.be\/nl\/wp-json\/wp\/v2\/comments?post=3"}],"version-history":[{"count":0,"href":"https:\/\/bru-share.be\/nl\/wp-json\/wp\/v2\/pages\/3\/revisions"}],"wp:attachment":[{"href":"https:\/\/bru-share.be\/nl\/wp-json\/wp\/v2\/media?parent=3"}],"curies":[{"name":"wp","href":"https:\/\/api.w.org\/{rel}","templated":true}]}}